{"id":3637,"date":"2025-03-17T14:27:03","date_gmt":"2025-03-17T14:27:03","guid":{"rendered":"https:\/\/laferme12.fr\/?page_id=3637"},"modified":"2025-03-21T15:53:32","modified_gmt":"2025-03-21T15:53:32","slug":"domaine-de-la-citadelle","status":"publish","type":"page","link":"https:\/\/laferme12.fr\/en\/domaine-de-la-citadelle\/","title":{"rendered":"Domaine de la Citadelle"},"content":{"rendered":"\t\t<div data-elementor-type=\"wp-page\" data-elementor-id=\"3637\" class=\"elementor elementor-3637\" data-elementor-post-type=\"page\">\n\t\t\t\t<div class=\"elementor-element elementor-element-138b93a e-con-full e-flex e-con e-parent\" data-id=\"138b93a\" data-element_type=\"container\" data-e-type=\"container\" data-settings=\"{&quot;background_background&quot;:&quot;classic&quot;}\">\n\t\t\t\t<div class=\"elementor-element elementor-element-6c116b8a elementor-widget elementor-widget-heading\" data-id=\"6c116b8a\" data-element_type=\"widget\" data-e-type=\"widget\" data-widget_type=\"heading.default\">\n\t\t\t\t<div class=\"elementor-widget-container\">\n\t\t\t\t\t<h1 class=\"elementor-heading-title elementor-size-default\">Le Domaine de la Citadelle<\/h1>\t\t\t\t<\/div>\n\t\t\t\t<\/div>\n\t\t\t\t<div class=\"elementor-element elementor-element-4bd3ab16 elementor-widget elementor-widget-heading\" data-id=\"4bd3ab16\" data-element_type=\"widget\" data-e-type=\"widget\" data-widget_type=\"heading.default\">\n\t\t\t\t<div class=\"elementor-widget-container\">\n\t\t\t\t\t<h2 class=\"elementor-heading-title elementor-size-default\">Au c\u0153ur du Luberon, le Domaine de la Citadelle est un lieu d\u2019exception o\u00f9 se m\u00ealent patrimoine, \u0153nologie et gastronomie. Nous avons eu le privil\u00e8ge d\u2019accompagner plusieurs projets d\u2019am\u00e9nagement sur ce site embl\u00e9matique<\/h2>\t\t\t\t<\/div>\n\t\t\t\t<\/div>\n\t\t\t\t<\/div>\n\t\t<div class=\"elementor-element elementor-element-72ab7c9f e-con-full e-flex e-con e-parent\" data-id=\"72ab7c9f\" data-element_type=\"container\" data-e-type=\"container\">\n\t\t<div class=\"elementor-element elementor-element-766a5eb0 e-flex e-con-boxed e-con e-child\" data-id=\"766a5eb0\" data-element_type=\"container\" data-e-type=\"container\">\n\t\t\t\t\t<div class=\"e-con-inner\">\n\t\t\t\t<div class=\"elementor-element elementor-element-159307b7 elementor-widget elementor-widget-heading\" data-id=\"159307b7\" data-element_type=\"widget\" data-e-type=\"widget\" data-widget_type=\"heading.default\">\n\t\t\t\t<div class=\"elementor-widget-container\">\n\t\t\t\t\t<h2 class=\"elementor-heading-title elementor-size-default\">Une approche globale au service d\u2019un lieu d\u2019exception<\/h2>\t\t\t\t<\/div>\n\t\t\t\t<\/div>\n\t\t\t\t<div class=\"elementor-element elementor-element-3cf931d7 elementor-widget elementor-widget-text-editor\" data-id=\"3cf931d7\" data-element_type=\"widget\" data-e-type=\"widget\" data-widget_type=\"text-editor.default\">\n\t\t\t\t<div class=\"elementor-widget-container\">\n\t\t\t\t\t\t\t\t\t<p>Chaque projet men\u00e9 au sein du Domaine de la Citadelle a \u00e9t\u00e9 pens\u00e9 dans une coh\u00e9rence architecturale et esth\u00e9tique, respectant l\u2019\u00e2me du lieu tout en optimisant ses fonctionnalit\u00e9s.<\/p>\t\t\t\t\t\t\t\t<\/div>\n\t\t\t\t<\/div>\n\t\t\t\t\t<\/div>\n\t\t\t\t<\/div>\n\t\t\t\t<\/div>\n\t\t<div class=\"elementor-element elementor-element-5bad3503 e-flex e-con-boxed e-con e-parent\" data-id=\"5bad3503\" data-element_type=\"container\" data-e-type=\"container\" data-settings=\"{&quot;background_background&quot;:&quot;classic&quot;}\">\n\t\t\t\t\t<div class=\"e-con-inner\">\n\t\t\t\t<div class=\"elementor-element elementor-element-3631b401 elementor-widget elementor-widget-ucaddon_cover_flow_carousel\" data-id=\"3631b401\" data-element_type=\"widget\" data-e-type=\"widget\" data-widget_type=\"ucaddon_cover_flow_carousel.default\">\n\t\t\t\t<div class=\"elementor-widget-container\">\n\t\t\t\t\t\n<!-- start Coverflow Carousel -->\n\t\t<link id='uc_ac_assets_file_jquery_flipster_css_16350-css' href='https:\/\/laferme12.fr\/wp-content\/uploads\/ac_assets\/cover_flow_carousel\/jquery.flipster.css' type='text\/css' rel='stylesheet' >\n\n<style>\/* widget: Coverflow Carousel *\/\n\n#uc_cover_flow_carousel_elementor_3631b401{\ndisplay: none;\n}\n#uc_cover_flow_carousel_elementor_3631b401 .flipster__item img\n{\n  \n  display:block;\n  width:100%;\n}\n#uc_cover_flow_carousel_elementor_3631b401 .flipster__item__content\n{\n  overflow:hidden;\n  position:relative;  \n  }\n\n#uc_cover_flow_carousel_elementor_3631b401 .flipster__nav__item a\n{\n  z-index:1;\n}\n\n.ue-flip-item-title\n{\n  font-size:21px;\n}\n\n#uc_cover_flow_carousel_elementor_3631b401 .ue-item-btn a\n{\n  text-decoration:none;\n  text-align:center;\n  transition:0.3s;\n}\n\n\n\n\n#uc_cover_flow_carousel_elementor_3631b401 .flipster__button\n{\n  line-height:1em;\n  margin:0;\n}\n\n#uc_cover_flow_carousel_elementor_3631b401 .ue-flip-item-icon\n{\n  line-height:1em;\n  display:inline-flex;\n  justify-content:center;\n  align-items:center;\n  \n}\n\n#uc_cover_flow_carousel_elementor_3631b401 .ue-flip-item-icon svg\n{\n  height:1em;\n  width:1em;\n}\n\n#uc_cover_flow_carousel_elementor_3631b401 .flipster__container, #uc_cover_flow_carousel_elementor_3631b401 .flipster__item, #uc_cover_flow_carousel_elementor_3631b401 .flipster__item__content\n{\n  transition:500ms;\n}\n\n#uc_cover_flow_carousel_elementor_3631b401 .flipster__nav__link::after\n{\n  background-color:#141414;\n}\n\n#uc_cover_flow_carousel_elementor_3631b401 .flipster__nav__item a\n{\n  color:#141414;\n}\n\n#uc_cover_flow_carousel_elementor_3631b401 .flipster__nav__item--current>.flipster__nav__link\n{\n  color:#ffffff;\n}\n\n<\/style>\n\n<div class=\"ue-coverflow  \" id=\"uc_cover_flow_carousel_elementor_3631b401\"  >\n        <ul class=\"flip-items uc-items-wrapper\">\n            <li class=\"ue-coverflow-item\" data-flip-title=\"Le Chais transform\u00e9 en Salle de R\u00e9ception\">\n\n  \n  \n  \n     <div class=\"ue-item-image\">\n   <a href=\"https:\/\/laferme12.fr\/en\/realisation\/domaine-de-la-citadelle-salle-de-reception\/\" >\n       \n          <img fetchpriority=\"high\" decoding=\"async\" src=\"https:\/\/laferme12.fr\/wp-content\/uploads\/2025\/03\/salle-de-reception-11-scaled-2-768x512.jpg\" class=\"elementor-repeater-item-dfeee9f ue-coverflow-image\"  src=\"https:\/\/laferme12.fr\/wp-content\/uploads\/2025\/03\/salle-de-reception-11-scaled-2-768x512.jpg\" alt=\"Salle-de-reception-11-scaled\" width=\"768\" height=\"512\"> \n      \t   \n   <\/a>\n    <\/div>\n     \n     <div class=\"ue-flip-item-content elementor-repeater-item-dfeee9f-item-content\">\n     <div class=\"ue-flip-item-content-inside\">\n              <div class=\"ue-flip-item-title\">Le Chais transform\u00e9 en Salle de R\u00e9ception<\/div>       <div class=\"ue-flip-item-text\"><p data-pm-slice=\"1 1 [&quot;list&quot;,{&quot;spread&quot;:false,&quot;start&quot;:630,&quot;end&quot;:1212},&quot;regular_list_item&quot;,{&quot;start&quot;:630,&quot;end&quot;:780}]\">Un espace r\u00e9invent\u00e9 pour accueillir \u00e9v\u00e9nements et d\u00e9gustations dans un cadre \u00e9l\u00e9gant et authentique.<\/p><\/div>       <div class=\"ue-item-btn\"><a href=\"https:\/\/laferme12.fr\/en\/realisation\/domaine-de-la-citadelle-salle-de-reception\/\"  class=\"\">D\u00e9couvrir<\/a><\/div>       <div class=\"ue-item-template\"><\/div>\n     <\/div>\n  <\/div>\n  <\/li>\n<li class=\"ue-coverflow-item\" data-flip-title=\"Le Bistrot de la Citadelle\">\n\n  \n  \n  \n     <div class=\"ue-item-image\">\n   <a href=\"https:\/\/laferme12.fr\/en\/realisation\/le-bistrot-de-la-citadelle\/\" >\n       \n          <img decoding=\"async\" src=\"https:\/\/laferme12.fr\/wp-content\/uploads\/2025\/03\/le-bistrot-2-1-768x431.jpg\" class=\"elementor-repeater-item-2895d09 ue-coverflow-image\"  src=\"https:\/\/laferme12.fr\/wp-content\/uploads\/2025\/03\/le-bistrot-2-1-768x431.jpg\" alt=\"le-bistrot-2\" width=\"768\" height=\"431\"> \n      \t   \n   <\/a>\n    <\/div>\n     \n     <div class=\"ue-flip-item-content elementor-repeater-item-2895d09-item-content\">\n     <div class=\"ue-flip-item-content-inside\">\n              <div class=\"ue-flip-item-title\">Le Bistrot de la Citadelle<\/div>       <div class=\"ue-flip-item-text\"><p data-pm-slice=\"1 1 [&quot;list&quot;,{&quot;spread&quot;:false,&quot;start&quot;:630,&quot;end&quot;:1212},&quot;regular_list_item&quot;,{&quot;start&quot;:781,&quot;end&quot;:938}]\">Un lieu chaleureux et convivial, pens\u00e9 pour offrir une exp\u00e9rience gustative en parfaite harmonie avec les vins du domaine.<\/p><\/div>       <div class=\"ue-item-btn\"><a href=\"https:\/\/laferme12.fr\/en\/realisation\/le-bistrot-de-la-citadelle\/\"  class=\"\">D\u00e9couvrir<\/a><\/div>       <div class=\"ue-item-template\"><\/div>\n     <\/div>\n  <\/div>\n  <\/li>\n<li class=\"ue-coverflow-item\" data-flip-title=\"La Table Agricole Tayac\">\n\n  \n  \n  \n     <div class=\"ue-item-image\">\n   <a href=\"https:\/\/laferme12.fr\/en\/realisation\/la-table-agricole-tayak\/\" >\n       \n          <img decoding=\"async\" src=\"https:\/\/laferme12.fr\/wp-content\/uploads\/2025\/03\/restaurant-tayak-5-1-768x431.jpg\" class=\"elementor-repeater-item-f954421 ue-coverflow-image\"  src=\"https:\/\/laferme12.fr\/wp-content\/uploads\/2025\/03\/restaurant-tayak-5-1-768x431.jpg\" alt=\"restaurant-tayak-5\" width=\"768\" height=\"431\"> \n      \t   \n   <\/a>\n    <\/div>\n     \n     <div class=\"ue-flip-item-content elementor-repeater-item-f954421-item-content\">\n     <div class=\"ue-flip-item-content-inside\">\n              <div class=\"ue-flip-item-title\">La Table Agricole Tayac<\/div>       <div class=\"ue-flip-item-text\"><p>Une exp\u00e9rience gastronomique au c\u0153ur d\u2019un d\u00e9cor m\u00ealant mat\u00e9riaux bruts et raffinement.<\/p><\/div>       <div class=\"ue-item-btn\"><a href=\"https:\/\/laferme12.fr\/en\/realisation\/la-table-agricole-tayak\/\"  class=\"\">D\u00e9couvrir<\/a><\/div>       <div class=\"ue-item-template\"><\/div>\n     <\/div>\n  <\/div>\n  <\/li>\n<li class=\"ue-coverflow-item\" data-flip-title=\"La Boutique du Domaine\">\n\n  \n  \n  \n     <div class=\"ue-item-image\">\n   <a href=\"https:\/\/laferme12.fr\/en\/realisation\/la-boutique-du-domaine\/\" >\n       \n          <img loading=\"lazy\" decoding=\"async\" src=\"https:\/\/laferme12.fr\/wp-content\/uploads\/2025\/03\/img-1167-768x431.jpg\" class=\"elementor-repeater-item-cb12a83 ue-coverflow-image\"  src=\"https:\/\/laferme12.fr\/wp-content\/uploads\/2025\/03\/img-1167-768x431.jpg\" alt=\"IMG_1167\" width=\"768\" height=\"431\"> \n      \t   \n   <\/a>\n    <\/div>\n     \n     <div class=\"ue-flip-item-content elementor-repeater-item-cb12a83-item-content\">\n     <div class=\"ue-flip-item-content-inside\">\n              <div class=\"ue-flip-item-title\">La Boutique du Domaine<\/div>       <div class=\"ue-flip-item-text\"><p data-pm-slice=\"1 1 [&quot;list&quot;,{&quot;spread&quot;:false,&quot;start&quot;:630,&quot;end&quot;:1212},&quot;regular_list_item&quot;,{&quot;start&quot;:1066,&quot;end&quot;:1212}]\">Un espace enti\u00e8rement repens\u00e9 pour valoriser les produits et offrir une immersion totale dans l\u2019univers du domaine.<\/p><\/div>       <div class=\"ue-item-btn\"><a href=\"https:\/\/laferme12.fr\/en\/realisation\/la-boutique-du-domaine\/\"  class=\"\">D\u00e9couvrir<\/a><\/div>       <div class=\"ue-item-template\"><\/div>\n     <\/div>\n  <\/div>\n  <\/li>\n\n        <\/ul>\n<\/div>\n<!-- end Coverflow Carousel -->\t\t\t\t<\/div>\n\t\t\t\t<\/div>\n\t\t\t\t\t<\/div>\n\t\t\t\t<\/div>\n\t\t<div class=\"elementor-element elementor-element-7a5acce0 e-con-full e-flex e-con e-parent\" data-id=\"7a5acce0\" data-element_type=\"container\" data-e-type=\"container\" data-settings=\"{&quot;background_background&quot;:&quot;classic&quot;}\">\n\t\t<div class=\"elementor-element elementor-element-56d71948 e-flex e-con-boxed e-con e-child\" data-id=\"56d71948\" data-element_type=\"container\" data-e-type=\"container\">\n\t\t\t\t\t<div class=\"e-con-inner\">\n\t\t\t\t<div class=\"elementor-element elementor-element-28a36903 elementor-widget elementor-widget-heading\" data-id=\"28a36903\" data-element_type=\"widget\" data-e-type=\"widget\" data-widget_type=\"heading.default\">\n\t\t\t\t<div class=\"elementor-widget-container\">\n\t\t\t\t\t<h2 class=\"elementor-heading-title elementor-size-default\">D\u00e9couvrez en d\u00e9tail chaque r\u00e9alisation et notre approche sur ces diff\u00e9rents projets.<\/h2>\t\t\t\t<\/div>\n\t\t\t\t<\/div>\n\t\t<div class=\"elementor-element elementor-element-44983143 e-con-full e-flex e-con e-child\" data-id=\"44983143\" data-element_type=\"container\" data-e-type=\"container\">\n\t\t\t\t<div class=\"elementor-element elementor-element-f4044b1 elementor-align-justify elementor-widget__width-initial elementor-widget elementor-widget-button\" data-id=\"f4044b1\" data-element_type=\"widget\" data-e-type=\"widget\" data-widget_type=\"button.default\">\n\t\t\t\t<div class=\"elementor-widget-container\">\n\t\t\t\t\t\t\t\t\t<div class=\"elementor-button-wrapper\">\n\t\t\t\t\t<a class=\"elementor-button elementor-button-link elementor-size-sm\" href=\"https:\/\/laferme12.fr\/en\/realisation\/domaine-de-la-citadelle-salle-de-reception\/\">\n\t\t\t\t\t\t<span class=\"elementor-button-content-wrapper\">\n\t\t\t\t\t\t\t\t\t<span class=\"elementor-button-text\">La salle de r\u00e9ception<\/span>\n\t\t\t\t\t<\/span>\n\t\t\t\t\t<\/a>\n\t\t\t\t<\/div>\n\t\t\t\t\t\t\t\t<\/div>\n\t\t\t\t<\/div>\n\t\t\t\t<div class=\"elementor-element elementor-element-304c55be elementor-align-justify elementor-widget__width-initial elementor-widget elementor-widget-button\" data-id=\"304c55be\" data-element_type=\"widget\" data-e-type=\"widget\" data-widget_type=\"button.default\">\n\t\t\t\t<div class=\"elementor-widget-container\">\n\t\t\t\t\t\t\t\t\t<div class=\"elementor-button-wrapper\">\n\t\t\t\t\t<a class=\"elementor-button elementor-button-link elementor-size-sm\" href=\"https:\/\/laferme12.fr\/en\/realisation\/le-bistrot-de-la-citadelle\/\">\n\t\t\t\t\t\t<span class=\"elementor-button-content-wrapper\">\n\t\t\t\t\t\t\t\t\t<span class=\"elementor-button-text\">Le Bistrot<\/span>\n\t\t\t\t\t<\/span>\n\t\t\t\t\t<\/a>\n\t\t\t\t<\/div>\n\t\t\t\t\t\t\t\t<\/div>\n\t\t\t\t<\/div>\n\t\t\t\t<div class=\"elementor-element elementor-element-45d0fe4a elementor-align-justify elementor-widget__width-initial elementor-widget elementor-widget-button\" data-id=\"45d0fe4a\" data-element_type=\"widget\" data-e-type=\"widget\" data-widget_type=\"button.default\">\n\t\t\t\t<div class=\"elementor-widget-container\">\n\t\t\t\t\t\t\t\t\t<div class=\"elementor-button-wrapper\">\n\t\t\t\t\t<a class=\"elementor-button elementor-button-link elementor-size-sm\" href=\"https:\/\/laferme12.fr\/en\/realisation\/la-table-agricole-tayak\/\">\n\t\t\t\t\t\t<span class=\"elementor-button-content-wrapper\">\n\t\t\t\t\t\t\t\t\t<span class=\"elementor-button-text\">La Table agricole<\/span>\n\t\t\t\t\t<\/span>\n\t\t\t\t\t<\/a>\n\t\t\t\t<\/div>\n\t\t\t\t\t\t\t\t<\/div>\n\t\t\t\t<\/div>\n\t\t\t\t<div class=\"elementor-element elementor-element-3f168d26 elementor-align-justify elementor-widget__width-initial elementor-widget elementor-widget-button\" data-id=\"3f168d26\" data-element_type=\"widget\" data-e-type=\"widget\" data-widget_type=\"button.default\">\n\t\t\t\t<div class=\"elementor-widget-container\">\n\t\t\t\t\t\t\t\t\t<div class=\"elementor-button-wrapper\">\n\t\t\t\t\t<a class=\"elementor-button elementor-button-link elementor-size-sm\" href=\"https:\/\/laferme12.fr\/en\/realisation\/la-boutique-du-domaine\/\">\n\t\t\t\t\t\t<span class=\"elementor-button-content-wrapper\">\n\t\t\t\t\t\t\t\t\t<span class=\"elementor-button-text\">La boutique<\/span>\n\t\t\t\t\t<\/span>\n\t\t\t\t\t<\/a>\n\t\t\t\t<\/div>\n\t\t\t\t\t\t\t\t<\/div>\n\t\t\t\t<\/div>\n\t\t\t\t<\/div>\n\t\t\t\t\t<\/div>\n\t\t\t\t<\/div>\n\t\t\t\t<\/div>\n\t\t\t\t<\/div>\n\t\t","protected":false},"excerpt":{"rendered":"<p>Le Domaine de la Citadelle Au c\u0153ur du Luberon, le Domaine de la Citadelle est un lieu d\u2019exception o\u00f9 se m\u00ealent patrimoine, \u0153nologie et gastronomie. Nous avons eu le privil\u00e8ge d\u2019accompagner plusieurs projets d\u2019am\u00e9nagement sur ce site embl\u00e9matique Une approche globale au service d\u2019un lieu d\u2019exception Chaque projet men\u00e9 au sein du Domaine de la [&hellip;]<\/p>\n","protected":false},"author":1,"featured_media":3550,"parent":0,"menu_order":0,"comment_status":"closed","ping_status":"closed","template":"","meta":{"_acf_changed":false,"footnotes":""},"class_list":["post-3637","page","type-page","status-publish","has-post-thumbnail","hentry"],"acf":[],"yoast_head":"<!-- This site is optimized with the Yoast SEO plugin v27.4 - https:\/\/yoast.com\/product\/yoast-seo-wordpress\/ -->\n<title>Domaine de la Citadelle - La Ferme 12<\/title>\n<meta name=\"description\" content=\"Au c\u0153ur du Luberon, le Domaine de la Citadelle est un lieu d\u2019exception o\u00f9 se m\u00ealent patrimoine, \u0153nologie et gastronomie. Nous avons eu le privil\u00e8ge d\u2019accompagner plusieurs projets d\u2019am\u00e9nagement sur ce site embl\u00e9matique\" \/>\n<meta name=\"robots\" content=\"index, follow, max-snippet:-1, max-image-preview:large, max-video-preview:-1\" \/>\n<link rel=\"canonical\" href=\"https:\/\/laferme12.fr\/en\/domaine-de-la-citadelle\/\" \/>\n<meta property=\"og:locale\" content=\"en_GB\" \/>\n<meta property=\"og:type\" content=\"article\" \/>\n<meta property=\"og:title\" content=\"Domaine de la Citadelle - La Ferme 12\" \/>\n<meta property=\"og:description\" content=\"Au c\u0153ur du Luberon, le Domaine de la Citadelle est un lieu d\u2019exception o\u00f9 se m\u00ealent patrimoine, \u0153nologie et gastronomie. Nous avons eu le privil\u00e8ge d\u2019accompagner plusieurs projets d\u2019am\u00e9nagement sur ce site embl\u00e9matique\" \/>\n<meta property=\"og:url\" content=\"https:\/\/laferme12.fr\/en\/domaine-de-la-citadelle\/\" \/>\n<meta property=\"og:site_name\" content=\"La Ferme 12\" \/>\n<meta property=\"article:modified_time\" content=\"2025-03-21T15:53:32+00:00\" \/>\n<meta property=\"og:image\" content=\"https:\/\/laferme12.fr\/wp-content\/uploads\/2025\/03\/le-bistrot-6.jpg\" \/>\n\t<meta property=\"og:image:width\" content=\"2000\" \/>\n\t<meta property=\"og:image:height\" content=\"1123\" \/>\n\t<meta property=\"og:image:type\" content=\"image\/jpeg\" \/>\n<meta name=\"twitter:card\" content=\"summary_large_image\" \/>\n<meta name=\"twitter:label1\" content=\"Estimated reading time\" \/>\n\t<meta name=\"twitter:data1\" content=\"2 minutes\" \/>\n<script type=\"application\/ld+json\" class=\"yoast-schema-graph\">{\"@context\":\"https:\\\/\\\/schema.org\",\"@graph\":[{\"@type\":\"WebPage\",\"@id\":\"https:\\\/\\\/laferme12.fr\\\/domaine-de-la-citadelle\\\/\",\"url\":\"https:\\\/\\\/laferme12.fr\\\/domaine-de-la-citadelle\\\/\",\"name\":\"Domaine de la Citadelle - La Ferme 12\",\"isPartOf\":{\"@id\":\"https:\\\/\\\/laferme12.fr\\\/#website\"},\"primaryImageOfPage\":{\"@id\":\"https:\\\/\\\/laferme12.fr\\\/domaine-de-la-citadelle\\\/#primaryimage\"},\"image\":{\"@id\":\"https:\\\/\\\/laferme12.fr\\\/domaine-de-la-citadelle\\\/#primaryimage\"},\"thumbnailUrl\":\"https:\\\/\\\/laferme12.fr\\\/wp-content\\\/uploads\\\/2025\\\/03\\\/le-bistrot-6.jpg\",\"datePublished\":\"2025-03-17T14:27:03+00:00\",\"dateModified\":\"2025-03-21T15:53:32+00:00\",\"description\":\"Au c\u0153ur du Luberon, le Domaine de la Citadelle est un lieu d\u2019exception o\u00f9 se m\u00ealent patrimoine, \u0153nologie et gastronomie. Nous avons eu le privil\u00e8ge d\u2019accompagner plusieurs projets d\u2019am\u00e9nagement sur ce site embl\u00e9matique\",\"breadcrumb\":{\"@id\":\"https:\\\/\\\/laferme12.fr\\\/domaine-de-la-citadelle\\\/#breadcrumb\"},\"inLanguage\":\"en-GB\",\"potentialAction\":[{\"@type\":\"ReadAction\",\"target\":[\"https:\\\/\\\/laferme12.fr\\\/domaine-de-la-citadelle\\\/\"]}]},{\"@type\":\"ImageObject\",\"inLanguage\":\"en-GB\",\"@id\":\"https:\\\/\\\/laferme12.fr\\\/domaine-de-la-citadelle\\\/#primaryimage\",\"url\":\"https:\\\/\\\/laferme12.fr\\\/wp-content\\\/uploads\\\/2025\\\/03\\\/le-bistrot-6.jpg\",\"contentUrl\":\"https:\\\/\\\/laferme12.fr\\\/wp-content\\\/uploads\\\/2025\\\/03\\\/le-bistrot-6.jpg\",\"width\":2000,\"height\":1123},{\"@type\":\"BreadcrumbList\",\"@id\":\"https:\\\/\\\/laferme12.fr\\\/domaine-de-la-citadelle\\\/#breadcrumb\",\"itemListElement\":[{\"@type\":\"ListItem\",\"position\":1,\"name\":\"Accueil\",\"item\":\"https:\\\/\\\/laferme12.fr\\\/\"},{\"@type\":\"ListItem\",\"position\":2,\"name\":\"Domaine de la Citadelle\"}]},{\"@type\":\"WebSite\",\"@id\":\"https:\\\/\\\/laferme12.fr\\\/#website\",\"url\":\"https:\\\/\\\/laferme12.fr\\\/\",\"name\":\"La Ferme 12\",\"description\":\"\",\"publisher\":{\"@id\":\"https:\\\/\\\/laferme12.fr\\\/#organization\"},\"potentialAction\":[{\"@type\":\"SearchAction\",\"target\":{\"@type\":\"EntryPoint\",\"urlTemplate\":\"https:\\\/\\\/laferme12.fr\\\/?s={search_term_string}\"},\"query-input\":{\"@type\":\"PropertyValueSpecification\",\"valueRequired\":true,\"valueName\":\"search_term_string\"}}],\"inLanguage\":\"en-GB\"},{\"@type\":\"Organization\",\"@id\":\"https:\\\/\\\/laferme12.fr\\\/#organization\",\"name\":\"La Ferme 12\",\"url\":\"https:\\\/\\\/laferme12.fr\\\/\",\"logo\":{\"@type\":\"ImageObject\",\"inLanguage\":\"en-GB\",\"@id\":\"https:\\\/\\\/laferme12.fr\\\/#\\\/schema\\\/logo\\\/image\\\/\",\"url\":\"https:\\\/\\\/laferme12.fr\\\/wp-content\\\/uploads\\\/2024\\\/01\\\/La-Ferme-12-3-1.png\",\"contentUrl\":\"https:\\\/\\\/laferme12.fr\\\/wp-content\\\/uploads\\\/2024\\\/01\\\/La-Ferme-12-3-1.png\",\"width\":499,\"height\":102,\"caption\":\"La Ferme 12\"},\"image\":{\"@id\":\"https:\\\/\\\/laferme12.fr\\\/#\\\/schema\\\/logo\\\/image\\\/\"}}]}<\/script>\n<!-- \/ Yoast SEO plugin. -->","yoast_head_json":{"title":"Domaine de la Citadelle - La Ferme 12","description":"In the heart of the Luberon, the Domaine de la Citadelle is an exceptional place where heritage, oenology and gastronomy come together. We have had the privilege of working on several development projects on this emblematic site","robots":{"index":"index","follow":"follow","max-snippet":"max-snippet:-1","max-image-preview":"max-image-preview:large","max-video-preview":"max-video-preview:-1"},"canonical":"https:\/\/laferme12.fr\/en\/domaine-de-la-citadelle\/","og_locale":"en_GB","og_type":"article","og_title":"Domaine de la Citadelle - La Ferme 12","og_description":"Au c\u0153ur du Luberon, le Domaine de la Citadelle est un lieu d\u2019exception o\u00f9 se m\u00ealent patrimoine, \u0153nologie et gastronomie. Nous avons eu le privil\u00e8ge d\u2019accompagner plusieurs projets d\u2019am\u00e9nagement sur ce site embl\u00e9matique","og_url":"https:\/\/laferme12.fr\/en\/domaine-de-la-citadelle\/","og_site_name":"La Ferme 12","article_modified_time":"2025-03-21T15:53:32+00:00","og_image":[{"width":2000,"height":1123,"url":"https:\/\/laferme12.fr\/wp-content\/uploads\/2025\/03\/le-bistrot-6.jpg","type":"image\/jpeg"}],"twitter_card":"summary_large_image","twitter_misc":{"Estimated reading time":"2 minutes"},"schema":{"@context":"https:\/\/schema.org","@graph":[{"@type":"WebPage","@id":"https:\/\/laferme12.fr\/domaine-de-la-citadelle\/","url":"https:\/\/laferme12.fr\/domaine-de-la-citadelle\/","name":"Domaine de la Citadelle - La Ferme 12","isPartOf":{"@id":"https:\/\/laferme12.fr\/#website"},"primaryImageOfPage":{"@id":"https:\/\/laferme12.fr\/domaine-de-la-citadelle\/#primaryimage"},"image":{"@id":"https:\/\/laferme12.fr\/domaine-de-la-citadelle\/#primaryimage"},"thumbnailUrl":"https:\/\/laferme12.fr\/wp-content\/uploads\/2025\/03\/le-bistrot-6.jpg","datePublished":"2025-03-17T14:27:03+00:00","dateModified":"2025-03-21T15:53:32+00:00","description":"In the heart of the Luberon, the Domaine de la Citadelle is an exceptional place where heritage, oenology and gastronomy come together. We have had the privilege of working on several development projects on this emblematic site","breadcrumb":{"@id":"https:\/\/laferme12.fr\/domaine-de-la-citadelle\/#breadcrumb"},"inLanguage":"en-GB","potentialAction":[{"@type":"ReadAction","target":["https:\/\/laferme12.fr\/domaine-de-la-citadelle\/"]}]},{"@type":"ImageObject","inLanguage":"en-GB","@id":"https:\/\/laferme12.fr\/domaine-de-la-citadelle\/#primaryimage","url":"https:\/\/laferme12.fr\/wp-content\/uploads\/2025\/03\/le-bistrot-6.jpg","contentUrl":"https:\/\/laferme12.fr\/wp-content\/uploads\/2025\/03\/le-bistrot-6.jpg","width":2000,"height":1123},{"@type":"BreadcrumbList","@id":"https:\/\/laferme12.fr\/domaine-de-la-citadelle\/#breadcrumb","itemListElement":[{"@type":"ListItem","position":1,"name":"Accueil","item":"https:\/\/laferme12.fr\/"},{"@type":"ListItem","position":2,"name":"Domaine de la Citadelle"}]},{"@type":"WebSite","@id":"https:\/\/laferme12.fr\/#website","url":"https:\/\/laferme12.fr\/","name":"La Ferme 12","description":"","publisher":{"@id":"https:\/\/laferme12.fr\/#organization"},"potentialAction":[{"@type":"SearchAction","target":{"@type":"EntryPoint","urlTemplate":"https:\/\/laferme12.fr\/?s={search_term_string}"},"query-input":{"@type":"PropertyValueSpecification","valueRequired":true,"valueName":"search_term_string"}}],"inLanguage":"en-GB"},{"@type":"Organization","@id":"https:\/\/laferme12.fr\/#organization","name":"La Ferme 12","url":"https:\/\/laferme12.fr\/","logo":{"@type":"ImageObject","inLanguage":"en-GB","@id":"https:\/\/laferme12.fr\/#\/schema\/logo\/image\/","url":"https:\/\/laferme12.fr\/wp-content\/uploads\/2024\/01\/La-Ferme-12-3-1.png","contentUrl":"https:\/\/laferme12.fr\/wp-content\/uploads\/2024\/01\/La-Ferme-12-3-1.png","width":499,"height":102,"caption":"La Ferme 12"},"image":{"@id":"https:\/\/laferme12.fr\/#\/schema\/logo\/image\/"}}]}},"_links":{"self":[{"href":"https:\/\/laferme12.fr\/en\/wp-json\/wp\/v2\/pages\/3637","targetHints":{"allow":["GET"]}}],"collection":[{"href":"https:\/\/laferme12.fr\/en\/wp-json\/wp\/v2\/pages"}],"about":[{"href":"https:\/\/laferme12.fr\/en\/wp-json\/wp\/v2\/types\/page"}],"author":[{"embeddable":true,"href":"https:\/\/laferme12.fr\/en\/wp-json\/wp\/v2\/users\/1"}],"replies":[{"embeddable":true,"href":"https:\/\/laferme12.fr\/en\/wp-json\/wp\/v2\/comments?post=3637"}],"version-history":[{"count":5,"href":"https:\/\/laferme12.fr\/en\/wp-json\/wp\/v2\/pages\/3637\/revisions"}],"predecessor-version":[{"id":4091,"href":"https:\/\/laferme12.fr\/en\/wp-json\/wp\/v2\/pages\/3637\/revisions\/4091"}],"wp:featuredmedia":[{"embeddable":true,"href":"https:\/\/laferme12.fr\/en\/wp-json\/wp\/v2\/media\/3550"}],"wp:attachment":[{"href":"https:\/\/laferme12.fr\/en\/wp-json\/wp\/v2\/media?parent=3637"}],"curies":[{"name":"wp","href":"https:\/\/api.w.org\/{rel}","templated":true}]}}