{"id":3,"date":"2024-01-06T19:15:31","date_gmt":"2024-01-06T19:15:31","guid":{"rendered":"https:\/\/laferme12.fr\/?page_id=3"},"modified":"2024-03-19T10:38:50","modified_gmt":"2024-03-19T10:38:50","slug":"politique-de-confidentialite","status":"publish","type":"page","link":"https:\/\/laferme12.fr\/es\/politique-de-confidentialite\/","title":{"rendered":"Pol\u00edtica de privacidad"},"content":{"rendered":"<div data-elementor-type=\"wp-page\" data-elementor-id=\"3\" class=\"elementor elementor-3\" data-elementor-post-type=\"page\">\n\t\t\t\t<div class=\"elementor-element elementor-element-2b755ba e-flex e-con-boxed e-con e-parent\" data-id=\"2b755ba\" data-element_type=\"container\" data-e-type=\"container\">\n\t\t\t\t\t<div class=\"e-con-inner\">\n\t\t\t\t<div class=\"elementor-element elementor-element-a1e187f elementor-widget elementor-widget-heading\" data-id=\"a1e187f\" data-element_type=\"widget\" data-e-type=\"widget\" data-widget_type=\"heading.default\">\n\t\t\t\t<div class=\"elementor-widget-container\">\n\t\t\t\t\t<h1 class=\"elementor-heading-title elementor-size-default\">Pol\u00edtica de privacidad<\/h1>\t\t\t\t<\/div>\n\t\t\t\t<\/div>\n\t\t\t\t<div class=\"elementor-element elementor-element-1c84dd2 elementor-widget elementor-widget-text-editor\" data-id=\"1c84dd2\" data-element_type=\"widget\" data-e-type=\"widget\" data-widget_type=\"text-editor.default\">\n\t\t\t\t<div class=\"elementor-widget-container\">\n\t\t\t\t\t\t\t\t\t<p>La informaci\u00f3n recogida se registra en un fichero informatizado de SARL La Ferme 12 con el \u00fanico fin de ponerse en contacto con usted en respuesta a una solicitud suya. La base jur\u00eddica del tratamiento es el consentimiento.<\/p>\n<p>Los datos recogidos se comunicar\u00e1n \u00fanicamente a los siguientes destinatarios: SARL La Ferme 12. Los datos se conservan un m\u00e1ximo de 3 a\u00f1os (norma simplificada NS-048 de la CNIL). Puede acceder a sus datos personales, rectificarlos, solicitar su supresi\u00f3n o ejercer su derecho a limitar el tratamiento de sus datos. Puede retirar su consentimiento al tratamiento de sus datos en cualquier momento.<\/p>\n<p>Visite el sitio web <a href=\"https:\/\/cnil.fr\">cnil.fr<\/a> para m\u00e1s informaci\u00f3n sobre sus derechos. Para ejercer estos derechos o si tiene alguna pregunta sobre el tratamiento de sus datos con arreglo a este r\u00e9gimen, p\u00f3ngase en contacto con nosotros en la siguiente direcci\u00f3n de correo electr\u00f3nico: bfirquet@gmail.com.<\/p>\n<p>Sus datos de navegaci\u00f3n no se comparten con terceros.<\/p>\n\t\t\t\t\t\t\t\t<\/div>\n\t\t\t\t<\/div>\n\t\t\t\t\t<\/div>\n\t\t\t\t<\/div>\n\t\t\t\t<\/div>","protected":false},"excerpt":{"rendered":"","protected":false},"author":1,"featured_media":0,"parent":0,"menu_order":0,"comment_status":"closed","ping_status":"closed","template":"","meta":{"_acf_changed":false,"footnotes":""},"class_list":["post-3","page","type-page","status-publish","hentry"],"acf":[],"yoast_head":"<!-- This site is optimized with the Yoast SEO plugin v27.4 - https:\/\/yoast.com\/product\/yoast-seo-wordpress\/ -->\n<title>Politique de confidentialit\u00e9 - La Ferme 12<\/title>\n<meta name=\"robots\" content=\"noindex, follow\" \/>\n<meta property=\"og:locale\" content=\"es_ES\" \/>\n<meta property=\"og:type\" content=\"article\" \/>\n<meta property=\"og:title\" content=\"Politique de confidentialit\u00e9 - La Ferme 12\" \/>\n<meta property=\"og:url\" content=\"https:\/\/laferme12.fr\/es\/politique-de-confidentialite\/\" \/>\n<meta property=\"og:site_name\" content=\"La Ferme 12\" \/>\n<meta property=\"article:modified_time\" content=\"2024-03-19T10:38:50+00:00\" \/>\n<meta property=\"og:image\" content=\"https:\/\/laferme12.fr\/wp-content\/uploads\/2024\/02\/decoration.webp\" \/>\n\t<meta property=\"og:image:width\" content=\"726\" \/>\n\t<meta property=\"og:image:height\" content=\"924\" \/>\n\t<meta property=\"og:image:type\" content=\"image\/webp\" \/>\n<meta name=\"twitter:card\" content=\"summary_large_image\" \/>\n<meta name=\"twitter:label1\" content=\"Tiempo de lectura\" \/>\n\t<meta name=\"twitter:data1\" content=\"1 minuto\" \/>\n<script type=\"application\/ld+json\" class=\"yoast-schema-graph\">{\"@context\":\"https:\\\/\\\/schema.org\",\"@graph\":[{\"@type\":\"WebPage\",\"@id\":\"https:\\\/\\\/laferme12.fr\\\/politique-de-confidentialite\\\/\",\"url\":\"https:\\\/\\\/laferme12.fr\\\/politique-de-confidentialite\\\/\",\"name\":\"Politique de confidentialit\u00e9 - La Ferme 12\",\"isPartOf\":{\"@id\":\"https:\\\/\\\/laferme12.fr\\\/#website\"},\"datePublished\":\"2024-01-06T19:15:31+00:00\",\"dateModified\":\"2024-03-19T10:38:50+00:00\",\"breadcrumb\":{\"@id\":\"https:\\\/\\\/laferme12.fr\\\/politique-de-confidentialite\\\/#breadcrumb\"},\"inLanguage\":\"es\",\"potentialAction\":[{\"@type\":\"ReadAction\",\"target\":[\"https:\\\/\\\/laferme12.fr\\\/politique-de-confidentialite\\\/\"]}]},{\"@type\":\"BreadcrumbList\",\"@id\":\"https:\\\/\\\/laferme12.fr\\\/politique-de-confidentialite\\\/#breadcrumb\",\"itemListElement\":[{\"@type\":\"ListItem\",\"position\":1,\"name\":\"Accueil\",\"item\":\"https:\\\/\\\/laferme12.fr\\\/\"},{\"@type\":\"ListItem\",\"position\":2,\"name\":\"Politique de confidentialit\u00e9\"}]},{\"@type\":\"WebSite\",\"@id\":\"https:\\\/\\\/laferme12.fr\\\/#website\",\"url\":\"https:\\\/\\\/laferme12.fr\\\/\",\"name\":\"La Ferme 12\",\"description\":\"\",\"publisher\":{\"@id\":\"https:\\\/\\\/laferme12.fr\\\/#organization\"},\"potentialAction\":[{\"@type\":\"SearchAction\",\"target\":{\"@type\":\"EntryPoint\",\"urlTemplate\":\"https:\\\/\\\/laferme12.fr\\\/?s={search_term_string}\"},\"query-input\":{\"@type\":\"PropertyValueSpecification\",\"valueRequired\":true,\"valueName\":\"search_term_string\"}}],\"inLanguage\":\"es\"},{\"@type\":\"Organization\",\"@id\":\"https:\\\/\\\/laferme12.fr\\\/#organization\",\"name\":\"La Ferme 12\",\"url\":\"https:\\\/\\\/laferme12.fr\\\/\",\"logo\":{\"@type\":\"ImageObject\",\"inLanguage\":\"es\",\"@id\":\"https:\\\/\\\/laferme12.fr\\\/#\\\/schema\\\/logo\\\/image\\\/\",\"url\":\"https:\\\/\\\/laferme12.fr\\\/wp-content\\\/uploads\\\/2024\\\/01\\\/La-Ferme-12-3-1.png\",\"contentUrl\":\"https:\\\/\\\/laferme12.fr\\\/wp-content\\\/uploads\\\/2024\\\/01\\\/La-Ferme-12-3-1.png\",\"width\":499,\"height\":102,\"caption\":\"La Ferme 12\"},\"image\":{\"@id\":\"https:\\\/\\\/laferme12.fr\\\/#\\\/schema\\\/logo\\\/image\\\/\"}}]}<\/script>\n<!-- \/ Yoast SEO plugin. -->","yoast_head_json":{"title":"Pol\u00edtica de privacidad - La Ferme 12","robots":{"index":"noindex","follow":"follow"},"og_locale":"es_ES","og_type":"article","og_title":"Politique de confidentialit\u00e9 - La Ferme 12","og_url":"https:\/\/laferme12.fr\/es\/politique-de-confidentialite\/","og_site_name":"La Ferme 12","article_modified_time":"2024-03-19T10:38:50+00:00","og_image":[{"width":726,"height":924,"url":"https:\/\/laferme12.fr\/wp-content\/uploads\/2024\/02\/decoration.webp","type":"image\/webp"}],"twitter_card":"summary_large_image","twitter_misc":{"Tiempo de lectura":"1 minuto"},"schema":{"@context":"https:\/\/schema.org","@graph":[{"@type":"WebPage","@id":"https:\/\/laferme12.fr\/politique-de-confidentialite\/","url":"https:\/\/laferme12.fr\/politique-de-confidentialite\/","name":"Pol\u00edtica de privacidad - La Ferme 12","isPartOf":{"@id":"https:\/\/laferme12.fr\/#website"},"datePublished":"2024-01-06T19:15:31+00:00","dateModified":"2024-03-19T10:38:50+00:00","breadcrumb":{"@id":"https:\/\/laferme12.fr\/politique-de-confidentialite\/#breadcrumb"},"inLanguage":"es","potentialAction":[{"@type":"ReadAction","target":["https:\/\/laferme12.fr\/politique-de-confidentialite\/"]}]},{"@type":"BreadcrumbList","@id":"https:\/\/laferme12.fr\/politique-de-confidentialite\/#breadcrumb","itemListElement":[{"@type":"ListItem","position":1,"name":"Accueil","item":"https:\/\/laferme12.fr\/"},{"@type":"ListItem","position":2,"name":"Politique de confidentialit\u00e9"}]},{"@type":"WebSite","@id":"https:\/\/laferme12.fr\/#website","url":"https:\/\/laferme12.fr\/","name":"La Ferme 12","description":"","publisher":{"@id":"https:\/\/laferme12.fr\/#organization"},"potentialAction":[{"@type":"SearchAction","target":{"@type":"EntryPoint","urlTemplate":"https:\/\/laferme12.fr\/?s={search_term_string}"},"query-input":{"@type":"PropertyValueSpecification","valueRequired":true,"valueName":"search_term_string"}}],"inLanguage":"es"},{"@type":"Organization","@id":"https:\/\/laferme12.fr\/#organization","name":"La Ferme 12","url":"https:\/\/laferme12.fr\/","logo":{"@type":"ImageObject","inLanguage":"es","@id":"https:\/\/laferme12.fr\/#\/schema\/logo\/image\/","url":"https:\/\/laferme12.fr\/wp-content\/uploads\/2024\/01\/La-Ferme-12-3-1.png","contentUrl":"https:\/\/laferme12.fr\/wp-content\/uploads\/2024\/01\/La-Ferme-12-3-1.png","width":499,"height":102,"caption":"La Ferme 12"},"image":{"@id":"https:\/\/laferme12.fr\/#\/schema\/logo\/image\/"}}]}},"_links":{"self":[{"href":"https:\/\/laferme12.fr\/es\/wp-json\/wp\/v2\/pages\/3","targetHints":{"allow":["GET"]}}],"collection":[{"href":"https:\/\/laferme12.fr\/es\/wp-json\/wp\/v2\/pages"}],"about":[{"href":"https:\/\/laferme12.fr\/es\/wp-json\/wp\/v2\/types\/page"}],"author":[{"embeddable":true,"href":"https:\/\/laferme12.fr\/es\/wp-json\/wp\/v2\/users\/1"}],"replies":[{"embeddable":true,"href":"https:\/\/laferme12.fr\/es\/wp-json\/wp\/v2\/comments?post=3"}],"version-history":[{"count":0,"href":"https:\/\/laferme12.fr\/es\/wp-json\/wp\/v2\/pages\/3\/revisions"}],"wp:attachment":[{"href":"https:\/\/laferme12.fr\/es\/wp-json\/wp\/v2\/media?parent=3"}],"curies":[{"name":"wp","href":"https:\/\/api.w.org\/{rel}","templated":true}]}}